{"id":4829,"date":"2024-02-21T16:58:51","date_gmt":"2024-02-21T19:58:51","guid":{"rendered":"https:\/\/isfd805-chu.infd.edu.ar\/sitio\/?page_id=4829"},"modified":"2024-02-21T17:52:20","modified_gmt":"2024-02-21T20:52:20","slug":"dc-prof_danza","status":"publish","type":"page","link":"https:\/\/isfd805-chu.infd.edu.ar\/sitio\/dc-prof_danza\/","title":{"rendered":"Dise\u00f1o Curricular"},"content":{"rendered":"<h4>Dise\u00f1o Curricular de la carrera Profesorado de Danza con Orientaci\u00f3n en Danzas Folkl\u00f3ricas<\/h4>\n<h5><a href=\"https:\/\/isfd805-chu.infd.edu.ar\/sitio\/wp-content\/uploads\/2024\/02\/DC-PROF_DANZAS.pdf\">Descargar dise\u00f1o en pdf<\/a><\/h5>\n","protected":false},"excerpt":{"rendered":"<p>Dise\u00f1o Curricular de la carrera Profesorado de Danza con Orientaci\u00f3n en Danzas Folkl\u00f3ricas Descargar dise\u00f1o en pdf<\/p>\n","protected":false},"author":985,"featured_media":0,"parent":0,"menu_order":0,"comment_status":"closed","ping_status":"closed","template":"","meta":[],"acf":[],"_links":{"self":[{"href":"https:\/\/isfd805-chu.infd.edu.ar\/sitio\/wp-json\/wp\/v2\/pages\/4829"}],"collection":[{"href":"https:\/\/isfd805-chu.infd.edu.ar\/sitio\/wp-json\/wp\/v2\/pages"}],"about":[{"href":"https:\/\/isfd805-chu.infd.edu.ar\/sitio\/wp-json\/wp\/v2\/types\/page"}],"author":[{"embeddable":true,"href":"https:\/\/isfd805-chu.infd.edu.ar\/sitio\/wp-json\/wp\/v2\/users\/985"}],"replies":[{"embeddable":true,"href":"https:\/\/isfd805-chu.infd.edu.ar\/sitio\/wp-json\/wp\/v2\/comments?post=4829"}],"version-history":[{"count":2,"href":"https:\/\/isfd805-chu.infd.edu.ar\/sitio\/wp-json\/wp\/v2\/pages\/4829\/revisions"}],"predecessor-version":[{"id":4833,"href":"https:\/\/isfd805-chu.infd.edu.ar\/sitio\/wp-json\/wp\/v2\/pages\/4829\/revisions\/4833"}],"wp:attachment":[{"href":"https:\/\/isfd805-chu.infd.edu.ar\/sitio\/wp-json\/wp\/v2\/media?parent=4829"}],"curies":[{"name":"wp","href":"https:\/\/api.w.org\/{rel}","templated":true}]}}