{"id":4358,"date":"2023-05-16T18:39:58","date_gmt":"2023-05-16T21:39:58","guid":{"rendered":"https:\/\/isfd805-chu.infd.edu.ar\/sitio\/?page_id=4358"},"modified":"2023-06-29T21:47:00","modified_gmt":"2023-06-30T00:47:00","slug":"padrones-electorales","status":"publish","type":"page","link":"https:\/\/isfd805-chu.infd.edu.ar\/sitio\/padrones-electorales\/","title":{"rendered":"Padrones Electorales Definitivos"},"content":{"rendered":"<h4>Sede Trelew<\/h4>\n<ul>\n<li>\n<h5><a href=\"https:\/\/isfd805-chu.infd.edu.ar\/sitio\/wp-content\/uploads\/2023\/06\/Docentes-Trelew-junio-.pdf\">Padr\u00f3n Definitivo Docentes 2023<\/a><\/h5>\n<\/li>\n<li>\n<h5><a href=\"https:\/\/isfd805-chu.infd.edu.ar\/sitio\/wp-content\/uploads\/2023\/06\/No-Docentes-Trelew-junio-.pdf\">Padr\u00f3n Definitivo No Docentes 2023<\/a><\/h5>\n<\/li>\n<li>\n<h5><a href=\"https:\/\/isfd805-chu.infd.edu.ar\/sitio\/wp-content\/uploads\/2023\/06\/Estudiantes-Trelew-junio-.pdf\">Padr\u00f3n Definitivo de Estudiantes 2023<\/a><\/h5>\n<\/li>\n<\/ul>\n<h4>Anexo Puerto Madryn<\/h4>\n<ul>\n<li>\n<h5><a href=\"https:\/\/isfd805-chu.infd.edu.ar\/sitio\/wp-content\/uploads\/2023\/06\/Personal-Puerto-Madryn-junio-.pdf\">Padr\u00f3n Definitivo de Personal 2023<\/a><\/h5>\n<\/li>\n<li>\n<h5><a href=\"https:\/\/isfd805-chu.infd.edu.ar\/sitio\/wp-content\/uploads\/2023\/06\/Estudiantes-Puerto-Madryn-junio-.pdf\">Padr\u00f3n Definitivo de Estudiantes 2023<\/a><\/h5>\n<\/li>\n<\/ul>\n<h4>Anexo Rawson<\/h4>\n<ul>\n<li>\n<h5><a href=\"https:\/\/isfd805-chu.infd.edu.ar\/sitio\/wp-content\/uploads\/2023\/06\/Docentes-Rawson-junio-.pdf\">Padr\u00f3n Definitivo Docentes 2023<\/a><\/h5>\n<\/li>\n<li>\n<h5><a href=\"https:\/\/isfd805-chu.infd.edu.ar\/sitio\/wp-content\/uploads\/2023\/06\/No-Docentes-Rawson-.pdf\">Padr\u00f3n Definitivo No Docentes 2023<\/a><\/h5>\n<\/li>\n<\/ul>\n<h4>Anexo Gaiman y 28 de Julio<\/h4>\n<p>-Personal del Anexo 28 de Julio vota en Anexo Gaiman-<\/p>\n<ul>\n<li>\n<h5><a href=\"https:\/\/isfd805-chu.infd.edu.ar\/sitio\/wp-content\/uploads\/2023\/06\/Personal-Gaiman-y-28-de-Julio-Junio-.pdf\">Padr\u00f3n Definitivo de Personal 2023<\/a><\/h5>\n<\/li>\n<\/ul>\n<h5><a href=\"https:\/\/isfd805-chu.infd.edu.ar\/sitio\/wp-content\/uploads\/2023\/06\/Padron_Definitivo_Graduados_2023.pdf\">Padr\u00f3n Definitivo 2023 de Graduados<\/a><\/h5>\n","protected":false},"excerpt":{"rendered":"<p>Sede Trelew Padr\u00f3n Definitivo Docentes 2023 Padr\u00f3n Definitivo No Docentes 2023 Padr\u00f3n Definitivo de Estudiantes 2023 Anexo Puerto Madryn Padr\u00f3n Definitivo de Personal 2023 Padr\u00f3n Definitivo de Estudiantes 2023 Anexo Rawson Padr\u00f3n Definitivo Docentes 2023 Padr\u00f3n Definitivo No Docentes 2023 Anexo Gaiman y 28 de Julio -Personal del Anexo 28 de Julio vota en Anexo &#8230; <a title=\"Padrones Electorales Definitivos\" class=\"read-more\" href=\"https:\/\/isfd805-chu.infd.edu.ar\/sitio\/padrones-electorales\/\" aria-label=\"More on Padrones Electorales Definitivos\">[+]<\/a><\/p>\n","protected":false},"author":985,"featured_media":0,"parent":0,"menu_order":0,"comment_status":"closed","ping_status":"closed","template":"","meta":[],"acf":[],"_links":{"self":[{"href":"https:\/\/isfd805-chu.infd.edu.ar\/sitio\/wp-json\/wp\/v2\/pages\/4358"}],"collection":[{"href":"https:\/\/isfd805-chu.infd.edu.ar\/sitio\/wp-json\/wp\/v2\/pages"}],"about":[{"href":"https:\/\/isfd805-chu.infd.edu.ar\/sitio\/wp-json\/wp\/v2\/types\/page"}],"author":[{"embeddable":true,"href":"https:\/\/isfd805-chu.infd.edu.ar\/sitio\/wp-json\/wp\/v2\/users\/985"}],"replies":[{"embeddable":true,"href":"https:\/\/isfd805-chu.infd.edu.ar\/sitio\/wp-json\/wp\/v2\/comments?post=4358"}],"version-history":[{"count":18,"href":"https:\/\/isfd805-chu.infd.edu.ar\/sitio\/wp-json\/wp\/v2\/pages\/4358\/revisions"}],"predecessor-version":[{"id":4471,"href":"https:\/\/isfd805-chu.infd.edu.ar\/sitio\/wp-json\/wp\/v2\/pages\/4358\/revisions\/4471"}],"wp:attachment":[{"href":"https:\/\/isfd805-chu.infd.edu.ar\/sitio\/wp-json\/wp\/v2\/media?parent=4358"}],"curies":[{"name":"wp","href":"https:\/\/api.w.org\/{rel}","templated":true}]}}