{"id":4278,"date":"2023-04-21T16:44:43","date_gmt":"2023-04-21T19:44:43","guid":{"rendered":"https:\/\/isfd805-chu.infd.edu.ar\/sitio\/?page_id=4278"},"modified":"2023-06-26T17:40:43","modified_gmt":"2023-06-26T20:40:43","slug":"oficializacion-listas","status":"publish","type":"page","link":"https:\/\/isfd805-chu.infd.edu.ar\/sitio\/oficializacion-listas\/","title":{"rendered":"Oficializaci\u00f3n Listas"},"content":{"rendered":"<h5><strong>Oficializaci\u00f3n de listas que cumplen con los requisitos establecidos por el ROM en su art\u00edculo 21<\/strong><\/h5>\n<ul>\n<li>\n<h5>Lista 3<\/h5>\n<ul>\n<li>\n<h6><span style=\"color: #0000ff;\">Director:<\/span> Carlos Antonio Mar\u00eda R\u00edos<\/h6>\n<\/li>\n<li>\n<h6><span style=\"color: #0000ff;\">Vicedirector:<\/span> Norberto Benjamin Lastra<\/h6>\n<\/li>\n<li>\n<h6><span style=\"color: #0000ff;\">Secretario Acad\u00e9mico:<\/span> Manuel Angel Murua<\/h6>\n<\/li>\n<li>\n<h6><span style=\"color: #0000ff;\">Suplente:<\/span> Julieta Sourrouille<\/h6>\n<\/li>\n<li><span style=\"color: #000080;\"><a style=\"color: #000080;\" href=\"https:\/\/isfd805-chu.infd.edu.ar\/sitio\/wp-content\/uploads\/2023\/06\/Proyecto_Gestion_Lista-3.pdf\"><strong>Proyecto de Gesti\u00f3n Institucional\u00a0<\/strong><\/a><\/span><\/li>\n<\/ul>\n<\/li>\n<\/ul>\n<ul>\n<li>\n<h5>Lista 5<\/h5>\n<ul>\n<li>\n<h6><span style=\"color: #0000ff;\">Director:<\/span> Ariel Gabino Aschemacher<\/h6>\n<\/li>\n<li>\n<h6><span style=\"color: #0000ff;\">Vicedirector:<\/span> Adrian Bernardo Sandler<\/h6>\n<\/li>\n<li>\n<h6><span style=\"color: #0000ff;\">Secretaria Acad\u00e9mica:<\/span> Rosalia Isabel Ruiz<\/h6>\n<\/li>\n<li>\n<h6><span style=\"color: #0000ff;\">Suplente:<\/span> Ariel Emilio Marchese<\/h6>\n<\/li>\n<li><a href=\"https:\/\/isfd805-chu.infd.edu.ar\/sitio\/wp-content\/uploads\/2023\/06\/Proyecto_Gestion_Lista_5.pdf\"><span style=\"color: #000080;\"><strong>Proyecto de Gesti\u00f3n Institucional\u00a0<\/strong><\/span><\/a><\/li>\n<\/ul>\n<\/li>\n<\/ul>\n","protected":false},"excerpt":{"rendered":"<p>Oficializaci\u00f3n de listas que cumplen con los requisitos establecidos por el ROM en su art\u00edculo 21 Lista 3 Director: Carlos Antonio Mar\u00eda R\u00edos Vicedirector: Norberto Benjamin Lastra Secretario Acad\u00e9mico: Manuel Angel Murua Suplente: Julieta Sourrouille Proyecto de Gesti\u00f3n Institucional\u00a0 Lista 5 Director: Ariel Gabino Aschemacher Vicedirector: Adrian Bernardo Sandler Secretaria Acad\u00e9mica: Rosalia Isabel Ruiz Suplente: &#8230; <a title=\"Oficializaci\u00f3n Listas\" class=\"read-more\" href=\"https:\/\/isfd805-chu.infd.edu.ar\/sitio\/oficializacion-listas\/\" aria-label=\"More on Oficializaci\u00f3n Listas\">[+]<\/a><\/p>\n","protected":false},"author":985,"featured_media":0,"parent":0,"menu_order":0,"comment_status":"closed","ping_status":"closed","template":"","meta":[],"acf":[],"_links":{"self":[{"href":"https:\/\/isfd805-chu.infd.edu.ar\/sitio\/wp-json\/wp\/v2\/pages\/4278"}],"collection":[{"href":"https:\/\/isfd805-chu.infd.edu.ar\/sitio\/wp-json\/wp\/v2\/pages"}],"about":[{"href":"https:\/\/isfd805-chu.infd.edu.ar\/sitio\/wp-json\/wp\/v2\/types\/page"}],"author":[{"embeddable":true,"href":"https:\/\/isfd805-chu.infd.edu.ar\/sitio\/wp-json\/wp\/v2\/users\/985"}],"replies":[{"embeddable":true,"href":"https:\/\/isfd805-chu.infd.edu.ar\/sitio\/wp-json\/wp\/v2\/comments?post=4278"}],"version-history":[{"count":3,"href":"https:\/\/isfd805-chu.infd.edu.ar\/sitio\/wp-json\/wp\/v2\/pages\/4278\/revisions"}],"predecessor-version":[{"id":4440,"href":"https:\/\/isfd805-chu.infd.edu.ar\/sitio\/wp-json\/wp\/v2\/pages\/4278\/revisions\/4440"}],"wp:attachment":[{"href":"https:\/\/isfd805-chu.infd.edu.ar\/sitio\/wp-json\/wp\/v2\/media?parent=4278"}],"curies":[{"name":"wp","href":"https:\/\/api.w.org\/{rel}","templated":true}]}}