{"id":4274,"date":"2023-04-21T16:42:38","date_gmt":"2023-04-21T19:42:38","guid":{"rendered":"https:\/\/isfd805-chu.infd.edu.ar\/sitio\/?page_id=4274"},"modified":"2023-05-19T10:23:06","modified_gmt":"2023-05-19T13:23:06","slug":"cronograma-general","status":"publish","type":"page","link":"https:\/\/isfd805-chu.infd.edu.ar\/sitio\/cronograma-general\/","title":{"rendered":"Cronograma General"},"content":{"rendered":"<h6>Presentaci\u00f3n de f\u00f3rmulas<\/h6>\n<ul>\n<li>Presentaci\u00f3n de las f\u00f3rmulas de la Junta Electoral: 06\/03\/23 al 05\/04\/23<\/li>\n<li>Presentaci\u00f3n de f\u00f3rmulas a la comunidad educativa: 10\/04\/23<\/li>\n<li>Plazo de impugnaci\u00f3n de f\u00f3rmulas: 11\/04\/23 al 12\/04\/23<\/li>\n<li>Oficializaci\u00f3n de listas: 13\/04\/23<\/li>\n<li>Elecciones: 30\/06\/23<\/li>\n<\/ul>\n<h6>Padrones<\/h6>\n<ul>\n<li>Publicaci\u00f3n de los padrones provisorios, plazo para solicitar rectificaciones: 15\/05\/23 al 25\/05\/23<\/li>\n<li>Publicaci\u00f3n de padrones definitivos: 29\/05\/23<\/li>\n<\/ul>\n<h6>Otros<\/h6>\n<ul>\n<li>Publicidad y difusi\u00f3n de proyectos: 22\/05\/23 al 28\/06\/23<\/li>\n<li>Fecha l\u00edmite para presentar boletas: 26\/06\/23<\/li>\n<li>Fecha l\u00edmite para presentar fiscales: 26\/06\/23<\/li>\n<\/ul>\n<p style=\"text-align: left;\"><img decoding=\"async\" loading=\"lazy\" class=\"wp-image-3148 alignnone\" src=\"https:\/\/isfd805-chu.infd.edu.ar\/sitio\/wp-content\/uploads\/2021\/04\/sobre.jpg\" alt=\"\" width=\"28\" height=\"25\" \/> <strong>Mail de contacto: <a href=\"mailto:805juntaelectoral2022@gmail.com\">805juntaelectoral2022@gmail.com<\/a><\/strong><\/p>\n","protected":false},"excerpt":{"rendered":"<p>Presentaci\u00f3n de f\u00f3rmulas Presentaci\u00f3n de las f\u00f3rmulas de la Junta Electoral: 06\/03\/23 al 05\/04\/23 Presentaci\u00f3n de f\u00f3rmulas a la comunidad educativa: 10\/04\/23 Plazo de impugnaci\u00f3n de f\u00f3rmulas: 11\/04\/23 al 12\/04\/23 Oficializaci\u00f3n de listas: 13\/04\/23 Elecciones: 30\/06\/23 Padrones Publicaci\u00f3n de los padrones provisorios, plazo para solicitar rectificaciones: 15\/05\/23 al 25\/05\/23 Publicaci\u00f3n de padrones definitivos: 29\/05\/23 Otros &#8230; <a title=\"Cronograma General\" class=\"read-more\" href=\"https:\/\/isfd805-chu.infd.edu.ar\/sitio\/cronograma-general\/\" aria-label=\"More on Cronograma General\">[+]<\/a><\/p>\n","protected":false},"author":985,"featured_media":0,"parent":0,"menu_order":0,"comment_status":"closed","ping_status":"closed","template":"","meta":[],"acf":[],"_links":{"self":[{"href":"https:\/\/isfd805-chu.infd.edu.ar\/sitio\/wp-json\/wp\/v2\/pages\/4274"}],"collection":[{"href":"https:\/\/isfd805-chu.infd.edu.ar\/sitio\/wp-json\/wp\/v2\/pages"}],"about":[{"href":"https:\/\/isfd805-chu.infd.edu.ar\/sitio\/wp-json\/wp\/v2\/types\/page"}],"author":[{"embeddable":true,"href":"https:\/\/isfd805-chu.infd.edu.ar\/sitio\/wp-json\/wp\/v2\/users\/985"}],"replies":[{"embeddable":true,"href":"https:\/\/isfd805-chu.infd.edu.ar\/sitio\/wp-json\/wp\/v2\/comments?post=4274"}],"version-history":[{"count":3,"href":"https:\/\/isfd805-chu.infd.edu.ar\/sitio\/wp-json\/wp\/v2\/pages\/4274\/revisions"}],"predecessor-version":[{"id":4375,"href":"https:\/\/isfd805-chu.infd.edu.ar\/sitio\/wp-json\/wp\/v2\/pages\/4274\/revisions\/4375"}],"wp:attachment":[{"href":"https:\/\/isfd805-chu.infd.edu.ar\/sitio\/wp-json\/wp\/v2\/media?parent=4274"}],"curies":[{"name":"wp","href":"https:\/\/api.w.org\/{rel}","templated":true}]}}