{"id":4271,"date":"2023-04-21T16:39:13","date_gmt":"2023-04-21T19:39:13","guid":{"rendered":"https:\/\/isfd805-chu.infd.edu.ar\/sitio\/?page_id=4271"},"modified":"2023-04-21T16:39:14","modified_gmt":"2023-04-21T19:39:14","slug":"junta-electoral","status":"publish","type":"page","link":"https:\/\/isfd805-chu.infd.edu.ar\/sitio\/junta-electoral\/","title":{"rendered":"Junta Electoral"},"content":{"rendered":"<h3 style=\"text-align: center;\"><strong>Junta Electoral &#8211; ISFDA N\u00b0 805 &#8211; Elecciones 2023<\/strong><\/h3>\n<h5>Art\u00edculo 5\u00b0 &#8211; Funciones de la Junta Electoral<\/h5>\n<p style=\"text-align: left;\">La Junta Electoral tiene a su cargo, en \u00fanica instancia, todo lo relativo al proceso electoral:<\/p>\n<ul>\n<li>Define el modo y los plazos de presentaci\u00f3n de listas.<\/li>\n<li>Eval\u00faa el cumplimiento de los requisitos exigidos a los postulantes en el ROM, y oficializa la listas otorg\u00e1ndoles un n\u00famero identificatorio.<\/li>\n<li>Define las autoridades de mesa.<\/li>\n<li>Reglamenta los modos de realizaci\u00f3n del acto eleccionario y del escrutinio.<\/li>\n<li>Establece procedimientos para la comunicaci\u00f3n de los resultados.<\/li>\n<li>Define el modo de resoluci\u00f3n de situaciones de duda o impugnaciones<\/li>\n<li>Aplica supletoriamente, el R\u00e9gimen Electoral Nacional.<\/li>\n<\/ul>\n<h5>Integran la Junta:<\/h5>\n<ul>\n<li>Por el estamento docente:\n<ul>\n<li>Olga Crett\u00f3n<\/li>\n<li>Natalia Lavena<\/li>\n<li>Victoria Labollita<\/li>\n<li>Suplente: Ernestina Pignolo<\/li>\n<\/ul>\n<\/li>\n<li>Por el estamento de estudiantes:\n<ul>\n<li>Ivonne Campos Lewis<\/li>\n<li>Nora Marinao<\/li>\n<li>Suplente: Florencia Huilipan<\/li>\n<\/ul>\n<\/li>\n<li>Por el estamento de graduados:\n<ul>\n<li>Sof\u00eda Sabato<\/li>\n<li>Suplente: Carlos Garc\u00eda<\/li>\n<\/ul>\n<\/li>\n<li>Por el estamento del personal administrativo y operativo:\n<ul>\n<li>Silvia Romero<\/li>\n<li>Suplente: Maximiliano Vicenty<\/li>\n<\/ul>\n<\/li>\n<\/ul>\n","protected":false},"excerpt":{"rendered":"<p>Junta Electoral &#8211; ISFDA N\u00b0 805 &#8211; Elecciones 2023 Art\u00edculo 5\u00b0 &#8211; Funciones de la Junta Electoral La Junta Electoral tiene a su cargo, en \u00fanica instancia, todo lo relativo al proceso electoral: Define el modo y los plazos de presentaci\u00f3n de listas. Eval\u00faa el cumplimiento de los requisitos exigidos a los postulantes en el &#8230; <a title=\"Junta Electoral\" class=\"read-more\" href=\"https:\/\/isfd805-chu.infd.edu.ar\/sitio\/junta-electoral\/\" aria-label=\"More on Junta Electoral\">[+]<\/a><\/p>\n","protected":false},"author":985,"featured_media":0,"parent":0,"menu_order":0,"comment_status":"closed","ping_status":"closed","template":"","meta":[],"acf":[],"_links":{"self":[{"href":"https:\/\/isfd805-chu.infd.edu.ar\/sitio\/wp-json\/wp\/v2\/pages\/4271"}],"collection":[{"href":"https:\/\/isfd805-chu.infd.edu.ar\/sitio\/wp-json\/wp\/v2\/pages"}],"about":[{"href":"https:\/\/isfd805-chu.infd.edu.ar\/sitio\/wp-json\/wp\/v2\/types\/page"}],"author":[{"embeddable":true,"href":"https:\/\/isfd805-chu.infd.edu.ar\/sitio\/wp-json\/wp\/v2\/users\/985"}],"replies":[{"embeddable":true,"href":"https:\/\/isfd805-chu.infd.edu.ar\/sitio\/wp-json\/wp\/v2\/comments?post=4271"}],"version-history":[{"count":1,"href":"https:\/\/isfd805-chu.infd.edu.ar\/sitio\/wp-json\/wp\/v2\/pages\/4271\/revisions"}],"predecessor-version":[{"id":4272,"href":"https:\/\/isfd805-chu.infd.edu.ar\/sitio\/wp-json\/wp\/v2\/pages\/4271\/revisions\/4272"}],"wp:attachment":[{"href":"https:\/\/isfd805-chu.infd.edu.ar\/sitio\/wp-json\/wp\/v2\/media?parent=4271"}],"curies":[{"name":"wp","href":"https:\/\/api.w.org\/{rel}","templated":true}]}}