{"id":3930,"date":"2023-03-02T09:27:49","date_gmt":"2023-03-02T12:27:49","guid":{"rendered":"https:\/\/isfd805-chu.infd.edu.ar\/sitio\/?page_id=3930"},"modified":"2026-05-13T08:18:31","modified_gmt":"2026-05-13T11:18:31","slug":"concursos-trelew","status":"publish","type":"page","link":"https:\/\/isfd805-chu.infd.edu.ar\/sitio\/concursos-trelew\/","title":{"rendered":"Sede Trelew"},"content":{"rendered":"<h4><span style=\"color: #3366ff;\"><strong>LLAMADOS A CONCURSO<\/strong><\/span><\/h4>\n<ul>\n<li>\n<h5>Profesorado de Teatro (Res. M.E. 593\/17) &#8211; Apertura del primer llamado a concurso p\u00fablico y abierto del 07\/05\/2026 al 13\/05\/2026 para la presentaci\u00f3n de Carta de Adhesi\u00f3n al Proyecto<\/h5>\n<ul>\n<li>\n<h5>Investigaci\u00f3n Educativa &#8211; 4hs c\u00e1tedra &#8211; Anual &#8211; Suplencia hasta el 30\/11\/2026<\/h5>\n<\/li>\n<\/ul>\n<\/li>\n<\/ul>\n<h5 style=\"padding-left: 80px;\"><img decoding=\"async\" class=\"emoji\" role=\"img\" draggable=\"false\" src=\"https:\/\/s.w.org\/images\/core\/emoji\/14.0.0\/svg\/1f517.svg\" alt=\"&#x1f517;\" \/><a href=\"https:\/\/isfd805-chu.infd.edu.ar\/sitio\/wp-content\/uploads\/2026\/05\/Llamado_Nro_016_2026_Teatro.pdf\">Descargar documento del llamado a concurso en PDF<\/a><\/h5>\n<h5 style=\"padding-left: 80px;\"><img decoding=\"async\" loading=\"lazy\" class=\"wp-image-4084 alignnone\" src=\"https:\/\/isfd805-chu.infd.edu.ar\/sitio\/wp-content\/uploads\/2023\/03\/form.png\" sizes=\"(max-width: 26px) 100vw, 26px\" srcset=\"https:\/\/isfd805-chu.infd.edu.ar\/sitio\/wp-content\/uploads\/2023\/03\/form.png 512w, https:\/\/isfd805-chu.infd.edu.ar\/sitio\/wp-content\/uploads\/2023\/03\/form-500x500.png 500w\" alt=\"\" width=\"26\" height=\"26\" \/><a href=\"https:\/\/forms.gle\/9kYy7hrKDa5hhtVt9\">Formulario Concurso Nivel Superior<\/a><\/h5>\n<h5 style=\"text-align: center;\"><span style=\"color: #00ccff;\"><strong>\u00a0<\/strong><\/span><\/h5>\n<h5 style=\"text-align: center;\"><span style=\"color: #00ccff;\"><strong>* * * * *\u00a0 Recepci\u00f3n de Proyectos el 13 de Mayo 2026\u00a0 <\/strong><strong>* * * * *<\/strong><\/span><\/h5>\n<h5 style=\"text-align: center;\"><img decoding=\"async\" loading=\"lazy\" class=\"size-full wp-image-3913 aligncenter\" src=\"https:\/\/isfd805-chu.infd.edu.ar\/sitio\/wp-content\/uploads\/2023\/03\/separador.png\" alt=\"\" width=\"355\" height=\"56\" \/><\/h5>\n<ul>\n<li>\n<h5>Profesorado de Danza con Orientaci\u00f3n en Danzas Folkl\u00f3ricas\u00a0 (Res. M.E. 575\/17) &#8211; Apertura del segundo <span style=\"color: #0000ff;\">llamado Interno<\/span> del 07\/04\/2026 al 11\/05\/2026 para la presentaci\u00f3n de carta de intensi\u00f3n de postulaci\u00f3n<\/h5>\n<ul>\n<li>\n<h5>Coordinador\/a &#8211; 8hs reloj &#8211; Anual<\/h5>\n<\/li>\n<\/ul>\n<\/li>\n<\/ul>\n<h5 style=\"padding-left: 80px;\"><img decoding=\"async\" class=\"emoji\" role=\"img\" draggable=\"false\" src=\"https:\/\/s.w.org\/images\/core\/emoji\/14.0.0\/svg\/1f517.svg\" alt=\"&#x1f517;\" \/><a href=\"https:\/\/isfd805-chu.infd.edu.ar\/sitio\/wp-content\/uploads\/2026\/05\/Llamado_Nro_017_2026_Danza.pdf\">Descargar documento del llamado a concurso en PDF<\/a><\/h5>\n<h5 style=\"text-align: center;\"><span style=\"color: #00ccff;\"><strong>\u00a0<\/strong><\/span><\/h5>\n<h5 style=\"text-align: center;\"><span style=\"color: #00ccff;\"><strong>* * * * *\u00a0 Recepci\u00f3n de Cartas de Intensi\u00f3n de 8:00 a 22:00 en secretar\u00eda administrativa y v\u00eda correo electr\u00f3nico <\/strong><strong>* * * * *<\/strong><\/span><\/h5>\n<h5 style=\"text-align: center;\"><img decoding=\"async\" loading=\"lazy\" class=\"size-full wp-image-3913 aligncenter\" src=\"https:\/\/isfd805-chu.infd.edu.ar\/sitio\/wp-content\/uploads\/2023\/03\/separador.png\" alt=\"\" width=\"355\" height=\"56\" \/><\/h5>\n","protected":false},"excerpt":{"rendered":"<p>LLAMADOS A CONCURSO Profesorado de Teatro (Res. M.E. 593\/17) &#8211; Apertura del primer llamado a concurso p\u00fablico y abierto del 07\/05\/2026 al 13\/05\/2026 para la presentaci\u00f3n de Carta de Adhesi\u00f3n al Proyecto Investigaci\u00f3n Educativa &#8211; 4hs c\u00e1tedra &#8211; Anual &#8211; Suplencia hasta el 30\/11\/2026 Descargar documento del llamado a concurso en PDF Formulario Concurso Nivel &#8230; <a title=\"Sede Trelew\" class=\"read-more\" href=\"https:\/\/isfd805-chu.infd.edu.ar\/sitio\/concursos-trelew\/\" aria-label=\"More on Sede Trelew\">[+]<\/a><\/p>\n","protected":false},"author":985,"featured_media":0,"parent":0,"menu_order":0,"comment_status":"closed","ping_status":"closed","template":"","meta":[],"acf":[],"_links":{"self":[{"href":"https:\/\/isfd805-chu.infd.edu.ar\/sitio\/wp-json\/wp\/v2\/pages\/3930"}],"collection":[{"href":"https:\/\/isfd805-chu.infd.edu.ar\/sitio\/wp-json\/wp\/v2\/pages"}],"about":[{"href":"https:\/\/isfd805-chu.infd.edu.ar\/sitio\/wp-json\/wp\/v2\/types\/page"}],"author":[{"embeddable":true,"href":"https:\/\/isfd805-chu.infd.edu.ar\/sitio\/wp-json\/wp\/v2\/users\/985"}],"replies":[{"embeddable":true,"href":"https:\/\/isfd805-chu.infd.edu.ar\/sitio\/wp-json\/wp\/v2\/comments?post=3930"}],"version-history":[{"count":418,"href":"https:\/\/isfd805-chu.infd.edu.ar\/sitio\/wp-json\/wp\/v2\/pages\/3930\/revisions"}],"predecessor-version":[{"id":6588,"href":"https:\/\/isfd805-chu.infd.edu.ar\/sitio\/wp-json\/wp\/v2\/pages\/3930\/revisions\/6588"}],"wp:attachment":[{"href":"https:\/\/isfd805-chu.infd.edu.ar\/sitio\/wp-json\/wp\/v2\/media?parent=3930"}],"curies":[{"name":"wp","href":"https:\/\/api.w.org\/{rel}","templated":true}]}}