{"id":2997,"date":"2021-03-10T09:53:11","date_gmt":"2021-03-10T12:53:11","guid":{"rendered":"https:\/\/isfd805-chu.infd.edu.ar\/sitio\/?page_id=2997"},"modified":"2025-11-20T16:50:51","modified_gmt":"2025-11-20T19:50:51","slug":"pre-inscripciones-2026","status":"publish","type":"page","link":"https:\/\/isfd805-chu.infd.edu.ar\/sitio\/pre-inscripciones-2026\/","title":{"rendered":"Pre Inscripciones 2026"},"content":{"rendered":"<h2 style=\"text-align: center;\">Pre Inscripciones 2026 de Nivel Superior<\/h2>\n<h4><img decoding=\"async\" loading=\"lazy\" class=\"size-full wp-image-6330 aligncenter\" src=\"https:\/\/isfd805-chu.infd.edu.ar\/sitio\/wp-content\/uploads\/2025\/11\/Preinscripciones-2026.jpg\" alt=\"\" width=\"526\" height=\"526\" srcset=\"https:\/\/isfd805-chu.infd.edu.ar\/sitio\/wp-content\/uploads\/2025\/11\/Preinscripciones-2026.jpg 526w, https:\/\/isfd805-chu.infd.edu.ar\/sitio\/wp-content\/uploads\/2025\/11\/Preinscripciones-2026-500x500.jpg 500w\" sizes=\"(max-width: 526px) 100vw, 526px\" \/><\/h4>\n<div class=\"xdj266r x14z9mp xat24cr x1lziwak x1vvkbs x126k92a\">\n<div dir=\"auto\"><span class=\"html-span xexx8yu xyri2b x18d9i69 x1c1uobl x1hl2dhg x16tdsg8 x1vvkbs x3nfvp2 x1j61x8r x1fcty0u xdj266r xat24cr xm2jcoa x1mpyi22 xxymvpz xlup9mm x1kky2od\"><img decoding=\"async\" loading=\"lazy\" class=\"xz74otr x15mokao x1ga7v0g x16uus16 xbiv7yw\" src=\"https:\/\/static.xx.fbcdn.net\/images\/emoji.php\/v9\/t25\/1\/16\/1f393.png\" alt=\"&#x1f393;\" width=\"16\" height=\"16\" \/><\/span> \u00a1Comenz\u00f3 la preinscripci\u00f3n para el Nivel Superior 2026!<br \/><br \/>\n<p>Del 17 de noviembre al 15 de diciembre de 2025 pod\u00e9s anotarte a trav\u00e9s de DINO en carreras de Profesorados y Tecnicaturas: Chate\u00e1 con DINO <span class=\"html-span xexx8yu xyri2b x18d9i69 x1c1uobl x1hl2dhg x16tdsg8 x1vvkbs x3nfvp2 x1j61x8r x1fcty0u xdj266r xat24cr xm2jcoa x1mpyi22 xxymvpz xlup9mm x1kky2od\"><img decoding=\"async\" loading=\"lazy\" class=\"xz74otr x15mokao x1ga7v0g x16uus16 xbiv7yw\" src=\"https:\/\/static.xx.fbcdn.net\/images\/emoji.php\/v9\/t51\/1\/16\/1f449.png\" alt=\"&#x1f449;\" width=\"16\" height=\"16\" \/><\/span> <span class=\"html-span xdj266r x14z9mp xat24cr x1lziwak xexx8yu xyri2b x18d9i69 x1c1uobl x1hl2dhg x16tdsg8 x1vvkbs\"><span class=\"html-span xdj266r x14z9mp xat24cr x1lziwak xexx8yu xyri2b x18d9i69 x1c1uobl x1hl2dhg x16tdsg8 x1vvkbs\"><a class=\"x1i10hfl xjbqb8w x1ejq31n x18oe1m7 x1sy0etr xstzfhl x972fbf x10w94by x1qhh985 x14e42zd x9f619 x1ypdohk xt0psk2 x3ct3a4 xdj266r x14z9mp xat24cr x1lziwak xexx8yu xyri2b x18d9i69 x1c1uobl x16tdsg8 x1hl2dhg xggy1nq x1a2a7pz xkrqix3 x1sur9pj x1fey0fg x1s688f\" tabindex=\"0\" role=\"link\" href=\"http:\/\/chb.gob.ar\/Preinscripci%C3%B3nNivelSuperior\" target=\"_blank\" rel=\"nofollow noopener noreferrer\">chb.gob.ar\/Preinscripci\u00f3nNivelSuperior<\/a><\/span><\/span><\/p>\n<\/div>\n<\/div>\n<div class=\"x14z9mp xat24cr x1lziwak x1vvkbs xtlvy1s x126k92a\">\n<div dir=\"auto\">\n<p><span class=\"html-span xexx8yu xyri2b x18d9i69 x1c1uobl x1hl2dhg x16tdsg8 x1vvkbs x3nfvp2 x1j61x8r x1fcty0u xdj266r xat24cr xm2jcoa x1mpyi22 xxymvpz xlup9mm x1kky2od\"><img decoding=\"async\" loading=\"lazy\" class=\"xz74otr x15mokao x1ga7v0g x16uus16 xbiv7yw\" src=\"https:\/\/static.xx.fbcdn.net\/images\/emoji.php\/v9\/tac\/1\/16\/1f4cc.png\" alt=\"&#x1f4cc;\" width=\"16\" height=\"16\" \/><\/span>Indic\u00e1 la carrera y el Instituto Superior de tu inter\u00e9s. Record\u00e1 que s\u00f3lo pod\u00e9s elegir hasta 2.<\/p>\n<\/div>\n<div dir=\"auto\">\n<p><span class=\"html-span xexx8yu xyri2b x18d9i69 x1c1uobl x1hl2dhg x16tdsg8 x1vvkbs x3nfvp2 x1j61x8r x1fcty0u xdj266r xat24cr xm2jcoa x1mpyi22 xxymvpz xlup9mm x1kky2od\"><img decoding=\"async\" loading=\"lazy\" class=\"xz74otr x15mokao x1ga7v0g x16uus16 xbiv7yw\" src=\"https:\/\/static.xx.fbcdn.net\/images\/emoji.php\/v9\/t51\/1\/16\/2714.png\" alt=\"&#x2714;&#xfe0f;\" width=\"16\" height=\"16\" \/><\/span>Al completar la preinscripci\u00f3n, recibir\u00e1s un comprobante con tus datos.<\/p>\n<\/div>\n<div dir=\"auto\">\n<p><span class=\"html-span xexx8yu xyri2b x18d9i69 x1c1uobl x1hl2dhg x16tdsg8 x1vvkbs x3nfvp2 x1j61x8r x1fcty0u xdj266r xat24cr xm2jcoa x1mpyi22 xxymvpz xlup9mm x1kky2od\"><img decoding=\"async\" loading=\"lazy\" class=\"xz74otr x15mokao x1ga7v0g x16uus16 xbiv7yw\" src=\"https:\/\/static.xx.fbcdn.net\/images\/emoji.php\/v9\/tdc\/1\/16\/26a0.png\" alt=\"&#x26a0;&#xfe0f;\" width=\"16\" height=\"16\" \/><\/span> La preinscripci\u00f3n est\u00e1 sujeta a confirmaci\u00f3n y no garantiza la asignaci\u00f3n de una vacante. La confirmaci\u00f3n depender\u00e1 de la disponibilidad de cupos.<\/p>\n<\/div>\n<\/div>\n\n\n<p><\/p>\n","protected":false},"excerpt":{"rendered":"<p>Pre Inscripciones 2026 de Nivel Superior \u00a1Comenz\u00f3 la preinscripci\u00f3n para el Nivel Superior 2026! Del 17 de noviembre al 15 de diciembre de 2025 pod\u00e9s anotarte a trav\u00e9s de DINO en carreras de Profesorados y Tecnicaturas: Chate\u00e1 con DINO chb.gob.ar\/Preinscripci\u00f3nNivelSuperior Indic\u00e1 la carrera y el Instituto Superior de tu inter\u00e9s. Record\u00e1 que s\u00f3lo pod\u00e9s elegir &#8230; <a title=\"Pre Inscripciones 2026\" class=\"read-more\" href=\"https:\/\/isfd805-chu.infd.edu.ar\/sitio\/pre-inscripciones-2026\/\" aria-label=\"More on Pre Inscripciones 2026\">[+]<\/a><\/p>\n","protected":false},"author":985,"featured_media":0,"parent":0,"menu_order":0,"comment_status":"closed","ping_status":"closed","template":"","meta":[],"acf":[],"_links":{"self":[{"href":"https:\/\/isfd805-chu.infd.edu.ar\/sitio\/wp-json\/wp\/v2\/pages\/2997"}],"collection":[{"href":"https:\/\/isfd805-chu.infd.edu.ar\/sitio\/wp-json\/wp\/v2\/pages"}],"about":[{"href":"https:\/\/isfd805-chu.infd.edu.ar\/sitio\/wp-json\/wp\/v2\/types\/page"}],"author":[{"embeddable":true,"href":"https:\/\/isfd805-chu.infd.edu.ar\/sitio\/wp-json\/wp\/v2\/users\/985"}],"replies":[{"embeddable":true,"href":"https:\/\/isfd805-chu.infd.edu.ar\/sitio\/wp-json\/wp\/v2\/comments?post=2997"}],"version-history":[{"count":28,"href":"https:\/\/isfd805-chu.infd.edu.ar\/sitio\/wp-json\/wp\/v2\/pages\/2997\/revisions"}],"predecessor-version":[{"id":6336,"href":"https:\/\/isfd805-chu.infd.edu.ar\/sitio\/wp-json\/wp\/v2\/pages\/2997\/revisions\/6336"}],"wp:attachment":[{"href":"https:\/\/isfd805-chu.infd.edu.ar\/sitio\/wp-json\/wp\/v2\/media?parent=2997"}],"curies":[{"name":"wp","href":"https:\/\/api.w.org\/{rel}","templated":true}]}}