{"id":2338,"date":"2019-06-10T18:24:11","date_gmt":"2019-06-10T21:24:11","guid":{"rendered":"https:\/\/isfd805-chu.infd.edu.ar\/sitio\/?page_id=2338"},"modified":"2019-06-10T21:09:54","modified_gmt":"2019-06-11T00:09:54","slug":"coordinacion-de-desarrollo-profesional-y-acompanamiento-pedagogico","status":"publish","type":"page","link":"https:\/\/isfd805-chu.infd.edu.ar\/sitio\/coordinacion-de-desarrollo-profesional-y-acompanamiento-pedagogico\/","title":{"rendered":"Coordinaci\u00f3n de Desarrollo Profesional y Acompa\u00f1amiento Pedag\u00f3gico"},"content":{"rendered":"<div>\n<p>COORDINACI\u00d3N DE\u00a0 DESARROLLO PROFESIONAL Y\u00a0ACOMPA\u00d1AMIENTO PEDAG\u00d3GICO<\/p>\n<p>Acompa\u00f1a la formaci\u00f3n continua de docentes y t\u00e9cnicos superiores, as\u00ed como el Acompa\u00f1amiento Pedag\u00f3gico a Escuelas y\/u otras instituciones asociadas.<\/p>\n<p>Entre sus funciones:<\/p>\n<p>\uf0a7 Planificar, acompa\u00f1ar, monitorear la implementaci\u00f3n y evaluar las propuestas institucionales<br \/>\nde Desarrollo Profesional y de Acompa\u00f1amiento Pedag\u00f3gico.<br \/>\n\uf0a7 Gestionar ante la DGES la solicitud de Auspicio y\/o Inter\u00e9s Educativo Ministerial.<br \/>\n\uf0a7 Participar en instancias de articulaci\u00f3n con las otras Coordinaciones y con el\/la Secretario\/a<br \/>\nAcad\u00e9mico\/a.<br \/>\n\uf0a7 Realizar el relevamiento de necesidades de formaci\u00f3n en la zona de influencia.<br \/>\n\uf0a7 Asesorar a los\/as docentes en la elaboraci\u00f3n y el desarrollo de proyectos de desarrollo<br \/>\nprofesional y de acompa\u00f1amiento pedag\u00f3gico en el marco de la propuesta institucional.<br \/>\n\uf0a7 Promover, dar visibilidad y difundir el programa de desarrollo profesional.<br \/>\n\uf0a7 Promover acuerdos interinstitucionales, en el marco de los objetivos y prioridades<br \/>\ninstitucionales y jurisdiccionales.<br \/>\n\uf0a7 Planificar y desarrollar acciones para el fortalecimiento de la formaci\u00f3n permanente de los\/as<br \/>\ndocentes del IES<\/p>\n<p>A continuaci\u00f3n, se detallan documentos para la elaboraci\u00f3n de proyectos:<\/p>\n<ul>\n<li>La <a href=\"https:\/\/isfd805-chu.infd.edu.ar\/sitio\/wp-content\/uploads\/2019\/06\/resolucion-19-2000-catedra-abierta.pdf\">Resoluci\u00f3n 19\/00 c\u00e1tedra abierta<\/a><\/li>\n<li>Instructivo del formato de <a href=\"https:\/\/isfd805-chu.infd.edu.ar\/sitio\/wp-content\/uploads\/2019\/06\/catedra-abierta.pdf\">c\u00e1tedra abierta<\/a><\/li>\n<li>Para presentaci\u00f3n de Proyectos Especiales <a href=\"https:\/\/isfd805-chu.infd.edu.ar\/sitio\/wp-content\/uploads\/2019\/06\/RESOLUCION-69-DEL-2006.pdf\">Resoluci\u00f3n 69\/06<\/a><\/li>\n<li>Res. Min. Educ.\u00a0<a href=\"http:\/\/www.chubut.edu.ar\/descargas\/normativas\/res_301-06.pdf\" target=\"_blank\" rel=\"noopener noreferrer\" data-saferedirecturl=\"https:\/\/www.google.com\/url?q=http:\/\/www.chubut.edu.ar\/descargas\/normativas\/res_301-06.pdf&amp;source=gmail&amp;ust=1560262441381000&amp;usg=AFQjCNGEtA1NB4w3vhDIXO8QGXLc9u3kHQ\">N\u00ba 301-06<\/a>\u00a0 la presentaci\u00f3n de proyectos que requieren solicitud de auspicio.<\/li>\n<\/ul>\n<\/div>\n<div><\/div>\n<div>Formato de los proyectos:<\/div>\n<div><a href=\"https:\/\/www.chubut.edu.ar\/descargas\/recursos\/convocatorias\/proyectos_de_capacitacion.pdf\" target=\"_blank\" rel=\"noopener\" data-saferedirecturl=\"https:\/\/www.google.com\/url?q=https:\/\/www.chubut.edu.ar\/descargas\/recursos\/convocatorias\/proyectos_de_capacitacion.pdf&amp;source=gmail&amp;ust=1560262441381000&amp;usg=AFQjCNFDFHn6xP8h1aLGUb5QVvACFlPO2Q\">https:\/\/www.chubut.edu.ar\/<wbr \/>descargas\/recursos\/<wbr \/>convocatorias\/proyectos_de_<wbr \/>capacitacion.pdf<\/a><\/div>\n<p><span style=\"color: #008080;\">Contacto:\u00a0<\/span><\/p>\n<p>Coordinadora: Marcela Montan\u00e9<\/p>\n<p><a href=\"mailto:desarrolloprofesional805chubut@gmail.com\" target=\"_blank\" rel=\"noopener\">desarrolloprofesional805chubut<wbr \/>@gmail.com<\/a><\/p>\n<p><span style=\"color: #008080;\">D\u00edas y horarios:\u00a0<\/span><\/p>\n<p>Lunes de 15 a 18 hs.<\/p>\n<p>Martes de 15 a 20 hs.<\/p>\n<p>Mi\u00e9rcoles de 15 a 18 hs.<\/p>\n<div class=\"gs\">\n<div class=\"\">\n<div id=\":1gf\" class=\"ii gt\">\n<div id=\":1ge\" class=\"a3s aXjCH msg1902673912385220053\">\n<div dir=\"ltr\"><\/div>\n<div class=\"iX\"><\/div>\n<\/div>\n<div class=\"yj6qo\"><\/div>\n<\/div>\n<div class=\"hi\"><\/div>\n<\/div>\n<\/div>\n","protected":false},"excerpt":{"rendered":"<p>COORDINACI\u00d3N DE\u00a0 DESARROLLO PROFESIONAL Y\u00a0ACOMPA\u00d1AMIENTO PEDAG\u00d3GICO Acompa\u00f1a la formaci\u00f3n continua de docentes y t\u00e9cnicos superiores, as\u00ed como el Acompa\u00f1amiento Pedag\u00f3gico a Escuelas y\/u otras instituciones asociadas. Entre sus funciones: \uf0a7 Planificar, acompa\u00f1ar, monitorear la implementaci\u00f3n y evaluar las propuestas institucionales de Desarrollo Profesional y de Acompa\u00f1amiento Pedag\u00f3gico. \uf0a7 Gestionar ante la DGES la solicitud de &#8230; <a title=\"Coordinaci\u00f3n de Desarrollo Profesional y Acompa\u00f1amiento Pedag\u00f3gico\" class=\"read-more\" href=\"https:\/\/isfd805-chu.infd.edu.ar\/sitio\/coordinacion-de-desarrollo-profesional-y-acompanamiento-pedagogico\/\" aria-label=\"More on Coordinaci\u00f3n de Desarrollo Profesional y Acompa\u00f1amiento Pedag\u00f3gico\">[+]<\/a><\/p>\n","protected":false},"author":985,"featured_media":0,"parent":0,"menu_order":0,"comment_status":"closed","ping_status":"closed","template":"","meta":[],"acf":[],"_links":{"self":[{"href":"https:\/\/isfd805-chu.infd.edu.ar\/sitio\/wp-json\/wp\/v2\/pages\/2338"}],"collection":[{"href":"https:\/\/isfd805-chu.infd.edu.ar\/sitio\/wp-json\/wp\/v2\/pages"}],"about":[{"href":"https:\/\/isfd805-chu.infd.edu.ar\/sitio\/wp-json\/wp\/v2\/types\/page"}],"author":[{"embeddable":true,"href":"https:\/\/isfd805-chu.infd.edu.ar\/sitio\/wp-json\/wp\/v2\/users\/985"}],"replies":[{"embeddable":true,"href":"https:\/\/isfd805-chu.infd.edu.ar\/sitio\/wp-json\/wp\/v2\/comments?post=2338"}],"version-history":[{"count":3,"href":"https:\/\/isfd805-chu.infd.edu.ar\/sitio\/wp-json\/wp\/v2\/pages\/2338\/revisions"}],"predecessor-version":[{"id":2349,"href":"https:\/\/isfd805-chu.infd.edu.ar\/sitio\/wp-json\/wp\/v2\/pages\/2338\/revisions\/2349"}],"wp:attachment":[{"href":"https:\/\/isfd805-chu.infd.edu.ar\/sitio\/wp-json\/wp\/v2\/media?parent=2338"}],"curies":[{"name":"wp","href":"https:\/\/api.w.org\/{rel}","templated":true}]}}