{"id":2336,"date":"2019-06-10T18:23:14","date_gmt":"2019-06-10T21:23:14","guid":{"rendered":"https:\/\/isfd805-chu.infd.edu.ar\/sitio\/?page_id=2336"},"modified":"2023-11-17T19:01:59","modified_gmt":"2023-11-17T22:01:59","slug":"coordinacion-de-investigacion","status":"publish","type":"page","link":"https:\/\/isfd805-chu.infd.edu.ar\/sitio\/coordinacion-de-investigacion\/","title":{"rendered":"Coordinaci\u00f3n de Investigaci\u00f3n"},"content":{"rendered":"<p style=\"font-weight: 400;\">Coordinadora de Investigaci\u00f3n: Prof. DONATI, Nadia.<\/p>\n<p style=\"font-weight: 400;\">Correo electr\u00f3nico:\u00a0<a href=\"mailto:investigacionartistica805@gmail.com\">investigacionartistica805@gmail.com<\/a><\/p>\n<p style=\"font-weight: 400;\">\n<h1>Ejes tem\u00e1ticos, l\u00edneas de acci\u00f3n y de investigaci\u00f3n.<\/h1>\n<ol>\n<li style=\"font-weight: 400;\"><strong> Campo de las Pr\u00e1cticas Profesionalizantes;<\/strong><\/li>\n<li style=\"font-weight: 400;\"><strong> Campo de la Formaci\u00f3n general;<\/strong><\/li>\n<li style=\"font-weight: 400;\"><strong> Campo de la Formaci\u00f3n Espec\u00edfica <\/strong>de cada uno de los profesorados de Formaci\u00f3n Art\u00edsticas del ISFDA N\u00b0 805.<\/li>\n<\/ol>\n<p style=\"font-weight: 400;\">Se prev\u00e9 su articulaci\u00f3n a trav\u00e9s del campo de las pr\u00e1cticas profesionalizantes, ya que representan la instancia integradora entre los saberes del campo de Formaci\u00f3n General y del Campo de Formaci\u00f3n Espec\u00edfica.<\/p>\n<ol start=\"4\">\n<li style=\"font-weight: 400;\"><strong> Seguimiento de trayectorias de los estudiantes y graduados<\/strong>.<\/li>\n<\/ol>\n<p style=\"font-weight: 400;\">Recupera el trabajo de investigaci\u00f3n realizado por la gesti\u00f3n de coordinaci\u00f3n anterior, a trav\u00e9s del an\u00e1lisis de los resultados obtenidos y de las problem\u00e1ticas omitidas en el recorte de su objeto de estudio.<\/p>\n<ol start=\"5\">\n<li style=\"font-weight: 400;\"><strong>Articulaci\u00f3n con los talleres de investigaci\u00f3n de cada carrera.<\/strong><\/li>\n<\/ol>\n<p style=\"font-weight: 400;\">Retoma los trabajos de investigaci\u00f3n realizados por los estudiantes y docentes de cada una de las carreras, con el objetivo de que se transformen en ideas- proyectos.<\/p>\n<ol start=\"6\">\n<li style=\"font-weight: 400;\"><strong>Educaci\u00f3n y TIC.<\/strong><\/li>\n<li style=\"font-weight: 400;\"><strong>Educaci\u00f3n y G\u00e9nero<\/strong><\/li>\n<li style=\"font-weight: 400;\"><strong> Educaci\u00f3n e Interculturalidad<\/strong>.<\/li>\n<\/ol>\n","protected":false},"excerpt":{"rendered":"<p>Coordinadora de Investigaci\u00f3n: Prof. DONATI, Nadia. Correo electr\u00f3nico:\u00a0investigacionartistica805@gmail.com Ejes tem\u00e1ticos, l\u00edneas de acci\u00f3n y de investigaci\u00f3n. Campo de las Pr\u00e1cticas Profesionalizantes; Campo de la Formaci\u00f3n general; Campo de la Formaci\u00f3n Espec\u00edfica de cada uno de los profesorados de Formaci\u00f3n Art\u00edsticas del ISFDA N\u00b0 805. Se prev\u00e9 su articulaci\u00f3n a trav\u00e9s del campo de las pr\u00e1cticas &#8230; <a title=\"Coordinaci\u00f3n de Investigaci\u00f3n\" class=\"read-more\" href=\"https:\/\/isfd805-chu.infd.edu.ar\/sitio\/coordinacion-de-investigacion\/\" aria-label=\"More on Coordinaci\u00f3n de Investigaci\u00f3n\">[+]<\/a><\/p>\n","protected":false},"author":985,"featured_media":0,"parent":0,"menu_order":0,"comment_status":"closed","ping_status":"closed","template":"","meta":[],"acf":[],"_links":{"self":[{"href":"https:\/\/isfd805-chu.infd.edu.ar\/sitio\/wp-json\/wp\/v2\/pages\/2336"}],"collection":[{"href":"https:\/\/isfd805-chu.infd.edu.ar\/sitio\/wp-json\/wp\/v2\/pages"}],"about":[{"href":"https:\/\/isfd805-chu.infd.edu.ar\/sitio\/wp-json\/wp\/v2\/types\/page"}],"author":[{"embeddable":true,"href":"https:\/\/isfd805-chu.infd.edu.ar\/sitio\/wp-json\/wp\/v2\/users\/985"}],"replies":[{"embeddable":true,"href":"https:\/\/isfd805-chu.infd.edu.ar\/sitio\/wp-json\/wp\/v2\/comments?post=2336"}],"version-history":[{"count":2,"href":"https:\/\/isfd805-chu.infd.edu.ar\/sitio\/wp-json\/wp\/v2\/pages\/2336\/revisions"}],"predecessor-version":[{"id":4809,"href":"https:\/\/isfd805-chu.infd.edu.ar\/sitio\/wp-json\/wp\/v2\/pages\/2336\/revisions\/4809"}],"wp:attachment":[{"href":"https:\/\/isfd805-chu.infd.edu.ar\/sitio\/wp-json\/wp\/v2\/media?parent=2336"}],"curies":[{"name":"wp","href":"https:\/\/api.w.org\/{rel}","templated":true}]}}