{"id":1998,"date":"2018-08-30T17:57:53","date_gmt":"2018-08-30T20:57:53","guid":{"rendered":"https:\/\/isfd805-chu.infd.edu.ar\/sitio\/rai-2\/"},"modified":"2021-03-05T15:00:42","modified_gmt":"2021-03-05T18:00:42","slug":"rai-2","status":"publish","type":"page","link":"https:\/\/isfd805-chu.infd.edu.ar\/sitio\/rai-2\/","title":{"rendered":"RAI"},"content":{"rendered":"<p><span style=\"font-size: 14pt;\">Se encuentra disponible el RAI (R\u00e9gimen Acad\u00e9mico Institucional) aprobado por el Consejo Institucional y la DGES . Para acceder al mismo (<a title=\"RAI\" href=\"https:\/\/isfd805-chu.infd.edu.ar\/sitio\/wp-content\/uploads\/2021\/03\/RAI-2021.pdf\" target=\"_blank\" rel=\"noopener\">pulse aqu\u00ed<\/a>)<\/span><\/p>\n","protected":false},"excerpt":{"rendered":"<p>Se encuentra disponible el RAI (R\u00e9gimen Acad\u00e9mico Institucional) aprobado por el Consejo Institucional y la DGES . Para acceder al mismo (pulse aqu\u00ed)<\/p>\n","protected":false},"author":985,"featured_media":0,"parent":0,"menu_order":0,"comment_status":"closed","ping_status":"closed","template":"","meta":[],"acf":[],"_links":{"self":[{"href":"https:\/\/isfd805-chu.infd.edu.ar\/sitio\/wp-json\/wp\/v2\/pages\/1998"}],"collection":[{"href":"https:\/\/isfd805-chu.infd.edu.ar\/sitio\/wp-json\/wp\/v2\/pages"}],"about":[{"href":"https:\/\/isfd805-chu.infd.edu.ar\/sitio\/wp-json\/wp\/v2\/types\/page"}],"author":[{"embeddable":true,"href":"https:\/\/isfd805-chu.infd.edu.ar\/sitio\/wp-json\/wp\/v2\/users\/985"}],"replies":[{"embeddable":true,"href":"https:\/\/isfd805-chu.infd.edu.ar\/sitio\/wp-json\/wp\/v2\/comments?post=1998"}],"version-history":[{"count":1,"href":"https:\/\/isfd805-chu.infd.edu.ar\/sitio\/wp-json\/wp\/v2\/pages\/1998\/revisions"}],"predecessor-version":[{"id":2993,"href":"https:\/\/isfd805-chu.infd.edu.ar\/sitio\/wp-json\/wp\/v2\/pages\/1998\/revisions\/2993"}],"wp:attachment":[{"href":"https:\/\/isfd805-chu.infd.edu.ar\/sitio\/wp-json\/wp\/v2\/media?parent=1998"}],"curies":[{"name":"wp","href":"https:\/\/api.w.org\/{rel}","templated":true}]}}