{"id":1955,"date":"2018-08-30T17:57:38","date_gmt":"2018-08-30T20:57:38","guid":{"rendered":"https:\/\/isfd805-chu.infd.edu.ar\/sitio\/logo-institucional-2\/"},"modified":"2022-10-26T13:58:04","modified_gmt":"2022-10-26T16:58:04","slug":"logo-institucional-2","status":"publish","type":"page","link":"https:\/\/isfd805-chu.infd.edu.ar\/sitio\/logo-institucional-2\/","title":{"rendered":"Logo institucional"},"content":{"rendered":"<p>\u00a0<\/p>\n<p style=\"text-align: center;\"><img decoding=\"async\" title=\"Logo ISFDA N\u00b0 805\" src=\"https:\/\/isfd805-chu.infd.edu.ar\/sitio\/wp-content\/uploads\/2018\/08\/logo_1.gif\" alt=\"Logo ISFDA N\u00b0 805\" border=\"0\" \/><\/p>\n<p>\u00a0<\/p>\n<p style=\"text-align: center;\"><span style=\"font-size: 18pt;\"><strong><em>Seud\u00f3nimo \u00abSerena\u00bb<\/em><\/strong><\/span><\/p>\n<p style=\"text-align: center;\"><span style=\"font-size: 14pt;\">Fundamentaci\u00f3n<\/span><\/p>\n<p><span style=\"font-family: tahoma, arial, helvetica, sans-serif;\">El isologotipo, est\u00e1 compuesto por las siglas del Instituto y por cuatro formas id\u00e9nticas de color verde, cian, rojo y amarillo, estas representan a cada uno de los lenguajes del profesorado y la carrera de locutor nacional.<\/span><\/p>\n<p><span style=\"font-family: tahoma, arial, helvetica, sans-serif;\">Las formas son org\u00e1nicas y din\u00e1micas en concordancia con las caracter\u00edsticas del arte.<\/span><\/p>\n<p><span style=\"font-family: tahoma, arial, helvetica, sans-serif;\">Los colores fueron elegidos por el ruido visual que generan juntos, otorg\u00e1ndosele uno a cada lenguaje seg\u00fan sus caracter\u00edsticas.<\/span><\/p>\n<p>\u00a0<\/p>\n<ul>\n<li><span style=\"font-family: tahoma, arial, helvetica, sans-serif;\">El Profesorado en Artes Visuales: <span style=\"color: #339966;\"><strong>VERDE<\/strong><\/span>, color que representa la armon\u00eda, la seguridad y el crecimiento.<\/span><\/li>\n<li><span style=\"font-family: tahoma, arial, helvetica, sans-serif;\">El Profesorado en M\u00fasica: <span style=\"color: #33ccff;\"><strong><span style=\"color: #3366ff;\">CIAN<\/span><\/strong><\/span>, color que representa la estabilidad, la inteligencia, la confianza y la profundidad.<\/span><\/li>\n<li><span style=\"font-family: tahoma, arial, helvetica, sans-serif;\">El Profesorado en Teatro: <span style=\"color: #ff0000;\"><strong>ROJO<\/strong><\/span> color que representa la energ\u00eda, la fortaleza, la determinaci\u00f3n.<\/span><\/li>\n<li><span style=\"font-family: tahoma, arial, helvetica, sans-serif;\">La carrera de Locutor Nacional: <span style=\"color: #ffff00;\"><strong>AMARILLO<\/strong><\/span>, un color espont\u00e1neo, variable, que representa la alegr\u00eda, la inteligencia y la energ\u00eda.<\/span><\/li>\n<\/ul>\n<p>\u00a0<\/p>\n<p><span style=\"font-family: tahoma, arial, helvetica, sans-serif;\">El nombre de identificaci\u00f3n del instituto puede agregarse debajo de las siglas ISFDA N\u00b0 805.<\/span><\/p>\n<p><em><strong><a href=\"https:\/\/isfd805-chu.infd.edu.ar\/sitio\/wp-content\/uploads\/2022\/10\/logo_ISFDA_805.png\">Descargar Logo Institucional<\/a><\/strong><\/em><\/p>\n\n\n<p><\/p>\n","protected":false},"excerpt":{"rendered":"<p>\u00a0 \u00a0 Seud\u00f3nimo \u00abSerena\u00bb Fundamentaci\u00f3n El isologotipo, est\u00e1 compuesto por las siglas del Instituto y por cuatro formas id\u00e9nticas de color verde, cian, rojo y amarillo, estas representan a cada uno de los lenguajes del profesorado y la carrera de locutor nacional. Las formas son org\u00e1nicas y din\u00e1micas en concordancia con las caracter\u00edsticas del arte. &#8230; <a title=\"Logo institucional\" class=\"read-more\" href=\"https:\/\/isfd805-chu.infd.edu.ar\/sitio\/logo-institucional-2\/\" aria-label=\"More on Logo institucional\">[+]<\/a><\/p>\n","protected":false},"author":985,"featured_media":0,"parent":0,"menu_order":0,"comment_status":"closed","ping_status":"closed","template":"","meta":[],"acf":[],"_links":{"self":[{"href":"https:\/\/isfd805-chu.infd.edu.ar\/sitio\/wp-json\/wp\/v2\/pages\/1955"}],"collection":[{"href":"https:\/\/isfd805-chu.infd.edu.ar\/sitio\/wp-json\/wp\/v2\/pages"}],"about":[{"href":"https:\/\/isfd805-chu.infd.edu.ar\/sitio\/wp-json\/wp\/v2\/types\/page"}],"author":[{"embeddable":true,"href":"https:\/\/isfd805-chu.infd.edu.ar\/sitio\/wp-json\/wp\/v2\/users\/985"}],"replies":[{"embeddable":true,"href":"https:\/\/isfd805-chu.infd.edu.ar\/sitio\/wp-json\/wp\/v2\/comments?post=1955"}],"version-history":[{"count":4,"href":"https:\/\/isfd805-chu.infd.edu.ar\/sitio\/wp-json\/wp\/v2\/pages\/1955\/revisions"}],"predecessor-version":[{"id":3820,"href":"https:\/\/isfd805-chu.infd.edu.ar\/sitio\/wp-json\/wp\/v2\/pages\/1955\/revisions\/3820"}],"wp:attachment":[{"href":"https:\/\/isfd805-chu.infd.edu.ar\/sitio\/wp-json\/wp\/v2\/media?parent=1955"}],"curies":[{"name":"wp","href":"https:\/\/api.w.org\/{rel}","templated":true}]}}