{"id":1951,"date":"2018-08-30T17:57:36","date_gmt":"2018-08-30T20:57:36","guid":{"rendered":"https:\/\/isfd805-chu.infd.edu.ar\/sitio\/anexos\/"},"modified":"2025-11-20T17:56:33","modified_gmt":"2025-11-20T20:56:33","slug":"anexos","status":"publish","type":"page","link":"https:\/\/isfd805-chu.infd.edu.ar\/sitio\/anexos\/","title":{"rendered":"Anexos"},"content":{"rendered":"<div>\n<p><strong style=\"color: #993300; font-size: 10pt; text-decoration-line: underline;\">RAWSON<\/strong><\/p>\n<\/div>\n<p style=\"text-align: justify;\"><span lang=\"ES\">El Anexo Rawson nace como \u00abEscuela Municipal de M\u00fasica Enrique Santos Disc\u00e9polo\u00bb en el a\u00f1o 1989, luego de observar la gran cantidad de interesados que asist\u00edan a los Talleres Municipales.\u00a0<\/span><span lang=\"ES\">Ivana Men\u00e9ndez colabora con la gesti\u00f3n pedag\u00f3gica y es designada Directora en el momento de su creaci\u00f3n, siempre orientada por sus dos maestros: Alicia Ferrari y Clydwin Jones, y por el constante asesoramiento de la entonces Escuela Superior de M\u00fasica.<\/span><\/p>\n<p style=\"text-align: justify;\"><span lang=\"ES\">Inicialmente la Escuela funcion\u00f3 en el subsuelo del Centro Cultural Municipal de Rawson, conocido como Cine Teatro Rawson y luego, por el incremento de la matr\u00edcula, se traslad\u00f3 a la Escuela N\u00b0 4.<\/span><\/p>\n<p style=\"text-align: justify;\"><span lang=\"ES\">Ante el cambio del Gobierno Municipal, la escuela se cierra, y solo quedan funcionando algunos talleres con la parcial subvenci\u00f3n del municipio, perdi\u00e9ndose, para muchos ni\u00f1os que asist\u00edan a los mismos, la posibilidad de continuidad en el estudio y su seguimiento pedag\u00f3gico.<\/span><\/p>\n<p style=\"text-align: justify;\"><span lang=\"ES\">En el a\u00f1o 2001 comienza a surgir la intenci\u00f3n de reflotar el proyecto de la Escuela Municipal de M\u00fasica y por el permanente contacto con el Instituto Superior de Formaci\u00f3n Docente Art\u00edstica N\u00b0 805, se firma un convenio pedag\u00f3gico con el Ministerio de Educaci\u00f3n del Chubut que permite a los ni\u00f1os y adolescentes de Rawson, realizar los primeros estudios para continuar luego su formaci\u00f3n terciaria en la ciudad de Trelew.<\/span><\/p>\n<p style=\"text-align: justify;\"><span lang=\"ES\">En el a\u00f1o 2008, la Escuela pasa a formar parte del Instituto Superior de Formaci\u00f3n Docente Art\u00edstica N\u00b0 805 como Anexo Rawson.\u00a0<\/span><span lang=\"ES\">En el a\u00f1o 2009 la profesora Mar\u00eda Fernanda Defea suple moment\u00e1neamente la Coordinaci\u00f3n y por una urgente necesidad de espacio el Anexo comienza a funcionar en el Complejo de Escuelas Especiales, compartiendo el espacio f\u00edsico de las escuelas 525 y 509.<\/span><\/p>\n<p style=\"text-align: justify;\"><span lang=\"ES\">En el a\u00f1o 2012\u00a0 sabiendo de la construcci\u00f3n del edificio para el Colegio secundario con orientaci\u00f3n art\u00edstica N\u00b0795, la profesora Mar\u00eda Fernanda Defea se re\u00fane con el director Horacio Asm\u00fas con quien acuerda la convivencia institucional so\u00f1ando con varios proyectos comunes.<\/span><\/p>\n<p style=\"text-align: justify;\"><span lang=\"ES\">En el a\u00f1o 2013 se concreta el cambio a la secundaria N\u00ba 795, ubicada en Luis Gonz\u00e1lez y Av. Murga donde funciona al d\u00eda de la fecha en horario de 17:00 a 22:00 hs.<\/span><\/p>\n<p style=\"text-align: justify;\"><span lang=\"ES\">Cabe mencionar que los ni\u00f1os que asisten desde temprana edad a los talleres que ofrece el Instituto, comienzan sus primeros a\u00f1os de formaci\u00f3n inicial con conocimientos y pr\u00e1cticas adquiridas, enriqueciendo su educaci\u00f3n.<\/span><\/p>\n<p style=\"text-align: justify;\"><span lang=\"ES\">Tanto los Talleres como Elencos del Instituto interact\u00faan con el entorno social participando en distintos eventos acercando a todos nuestro arte.\u00a0<\/span><span lang=\"ES\">Participan de la \u201cFeria del libro Abrapalabra\u201d de organizada por la esc. N\u00b0167, donde todas las escuelas y ciudadanos asisten para deleitarse con actividades art\u00edsticas, literatura, t\u00edteres, teatro, m\u00fasica, danza, lectura de cuentos, etc.<\/span><\/p>\n<p style=\"text-align: justify;\"><span style=\"text-decoration: underline;\"><strong>AUTORIDADES:<\/strong><\/span><\/p>\n<p>Coordinadora: Profesora Mar\u00eda Fernanda Defea<\/p>\n<p>Administrativa de Formaci\u00f3n Inicial: Valeria Carrasco<\/p>\n<p><span style=\"text-decoration: underline;\"><strong>DATOS DE CONTACTO:<\/strong><\/span><\/p>\n<p>DIRECCI\u00d3N: Luis Gonz\u00e1lez y Murga. Rawson (9130) \u2013 Chubut<\/p>\n<p>Correos electr\u00f3nicos: rawson805@hotmail.com\u00a0 \/ secretaria805rawson@gmail.com<\/p>\n<p>Redes sociales:\u00a0Facebook: ISFDA 805 ANEXO Rawson \/\u00a0 Instagram: isfda.805.rawson<\/p>\n<p><strong><span style=\"text-decoration: underline;\">DOCENTES:<\/span> \u00a0<\/strong><\/p>\n<p>ADORYAN RAFAELA NOEMI, ALONQUEO HUGO DARIO, ARAGON GABRIELA, BESADA ADRIANA MARIELA, BRAVO ADRIANA MARIELA, CASTILLO TAMARA MELISA, FRANCISCO CASTRO, CIAR JORGE OMAR, DEFEA MARIA FERNANDA CECILIA, DUTTO JORGE LUIS, FITTERLINGH ELISABETH, GIANPAOLI MARIA DE LOS ANGELES, LARROZA TAMARA ANABELLA, LIMERES MYRIAM GABRIELA, MANSILLA CARLOS RUBEN, MONTORO TORRES JOSE ANDRES, PI\u00d1ERO LEANDRO JOAQUIN, QUILAQUEO SUSANA, QUINTRAMAN IVAN DARIO, ROBERTS NORMA ROXANA, ROJAS DELBOS TATIANA AILIN, SANTRIVICHI OTERO ALEXANDER JESUS, THOMAS VANINA DANA, USANDIBARES SOSA MARA EDITH, VAZQUEZ MAURO, PI\u00d1ERO ANTONELLA.<\/p>\n<p style=\"text-align: justify;\"><span style=\"text-decoration: underline;\"><span lang=\"ES\"><strong>OFERTA EDUCATIVA:<\/strong><\/span><\/span><\/p>\n<p><img decoding=\"async\" loading=\"lazy\" class=\"alignnone  wp-image-4676\" src=\"https:\/\/isfd805-chu.infd.edu.ar\/sitio\/wp-content\/uploads\/2023\/08\/Propuesta-FAV-Anexo-Rawson-667x1000.png\" alt=\"\" width=\"715\" height=\"1072\" srcset=\"https:\/\/isfd805-chu.infd.edu.ar\/sitio\/wp-content\/uploads\/2023\/08\/Propuesta-FAV-Anexo-Rawson-667x1000.png 667w, https:\/\/isfd805-chu.infd.edu.ar\/sitio\/wp-content\/uploads\/2023\/08\/Propuesta-FAV-Anexo-Rawson-1267x1900.png 1267w, https:\/\/isfd805-chu.infd.edu.ar\/sitio\/wp-content\/uploads\/2023\/08\/Propuesta-FAV-Anexo-Rawson-768x1152.png 768w, https:\/\/isfd805-chu.infd.edu.ar\/sitio\/wp-content\/uploads\/2023\/08\/Propuesta-FAV-Anexo-Rawson-1024x1536.png 1024w, https:\/\/isfd805-chu.infd.edu.ar\/sitio\/wp-content\/uploads\/2023\/08\/Propuesta-FAV-Anexo-Rawson-1365x2048.png 1365w\" sizes=\"(max-width: 715px) 100vw, 715px\" \/><\/p>\n","protected":false},"excerpt":{"rendered":"<p>RAWSON El Anexo Rawson nace como \u00abEscuela Municipal de M\u00fasica Enrique Santos Disc\u00e9polo\u00bb en el a\u00f1o 1989, luego de observar la gran cantidad de interesados que asist\u00edan a los Talleres Municipales.\u00a0Ivana Men\u00e9ndez colabora con la gesti\u00f3n pedag\u00f3gica y es designada Directora en el momento de su creaci\u00f3n, siempre orientada por sus dos maestros: Alicia Ferrari &#8230; <a title=\"Anexos\" class=\"read-more\" href=\"https:\/\/isfd805-chu.infd.edu.ar\/sitio\/anexos\/\" aria-label=\"More on Anexos\">[+]<\/a><\/p>\n","protected":false},"author":985,"featured_media":0,"parent":0,"menu_order":0,"comment_status":"closed","ping_status":"closed","template":"","meta":[],"acf":[],"_links":{"self":[{"href":"https:\/\/isfd805-chu.infd.edu.ar\/sitio\/wp-json\/wp\/v2\/pages\/1951"}],"collection":[{"href":"https:\/\/isfd805-chu.infd.edu.ar\/sitio\/wp-json\/wp\/v2\/pages"}],"about":[{"href":"https:\/\/isfd805-chu.infd.edu.ar\/sitio\/wp-json\/wp\/v2\/types\/page"}],"author":[{"embeddable":true,"href":"https:\/\/isfd805-chu.infd.edu.ar\/sitio\/wp-json\/wp\/v2\/users\/985"}],"replies":[{"embeddable":true,"href":"https:\/\/isfd805-chu.infd.edu.ar\/sitio\/wp-json\/wp\/v2\/comments?post=1951"}],"version-history":[{"count":10,"href":"https:\/\/isfd805-chu.infd.edu.ar\/sitio\/wp-json\/wp\/v2\/pages\/1951\/revisions"}],"predecessor-version":[{"id":6345,"href":"https:\/\/isfd805-chu.infd.edu.ar\/sitio\/wp-json\/wp\/v2\/pages\/1951\/revisions\/6345"}],"wp:attachment":[{"href":"https:\/\/isfd805-chu.infd.edu.ar\/sitio\/wp-json\/wp\/v2\/media?parent=1951"}],"curies":[{"name":"wp","href":"https:\/\/api.w.org\/{rel}","templated":true}]}}