{"id":1945,"date":"2019-02-26T10:00:34","date_gmt":"2019-02-26T13:00:34","guid":{"rendered":"https:\/\/isfd805-chu.infd.edu.ar\/sitio\/estudiantes-ingresantes-2018\/"},"modified":"2019-12-12T12:09:34","modified_gmt":"2019-12-12T15:09:34","slug":"estudiantes-ingresantes-2020","status":"publish","type":"page","link":"https:\/\/isfd805-chu.infd.edu.ar\/sitio\/estudiantes-ingresantes-2020\/","title":{"rendered":"Estudiantes Ingresantes 2020"},"content":{"rendered":"<p class=\"Resaltado2 Resaltado1 Titulo1 Borde_rojo\" style=\"text-align: center;\"><strong><span style=\"font-size: 12pt;\">INSCRIPCIONES PARA FORMACI\u00d3N ART\u00cdSTICA VOCACIONAL (NI\u00d1OS, J\u00d3VENES Y ADULTOS)<\/span><\/strong><\/p>\n<p style=\"text-align: center;\"><strong>\u00a0<\/strong><strong>\u00a0<\/strong><strong>\u00a0hasta el 19\/12<\/strong><\/p>\n<p>&nbsp;<\/p>\n<p class=\"Resaltado2 Resaltado1 Titulo1 Borde_rojo\" style=\"text-align: center;\"><strong><span style=\"font-size: 12pt;\">INSCRIPCIONES PARA NIVEL SUPERIOR: PROFESORADO DE ARTES VISUALES, M\u00daSICA, TEATRO Y LOCUTOR INTEGRAL DE RADIO Y TV:<\/span><\/strong><\/p>\n<p style=\"text-align: center;\"><span style=\"font-size: 12pt;\"><strong>HASTA EL 16\/12 <\/strong><\/span><\/p>\n<p style=\"text-align: center;\"><span style=\"font-size: 12pt;\"><strong>Se completa presentando personalmente la documentaci\u00f3n requerida<\/strong><\/span><\/p>\n<p style=\"text-align: center;\"><span style=\"font-size: 12pt;\"><strong> entre el 26\/2 y el 6\/03 de 2020 en Bedel\u00eda del 2do piso.<\/strong><\/span><\/p>\n<p class=\"Resaltado2 Resaltado1 Titulo1 Borde_rojo\" style=\"text-align: center;\"><strong><span style=\"font-size: 12pt;\">TRAYECTOS INTRODUCTORIOS PARA INSCRIPTOS EN LOS PROFESORADOS y\u00a0CARRERA LOCUTOR INTEGRAL DE RADIO Y TV<\/span><\/strong><\/p>\n<p style=\"text-align: center;\"><span style=\"font-size: 12pt;\"><strong>desde el 2\/03 al 20\/03<\/strong>\u00a0\u00a0<\/span><\/p>\n<p style=\"text-align: center;\"><strong><span style=\"font-size: 12pt;\">TRAYECTOS INTRODUCTORIO PARA LA TECNICATURA EN GESTI\u00d3N CULTURAL<\/span><\/strong><\/p>\n<p style=\"text-align: center;\"><strong><span style=\"font-size: 12pt;\">desde el 16\/03 al 20\/03<\/span><\/strong><\/p>\n<p style=\"text-align: center;\">\n<p class=\"Titulo_resaltado\" style=\"text-align: center;\"><strong>INICIO DE CLASES: 30 de marzo de 2020<br \/>\n<\/strong><\/p>\n<p><strong>\u00a0<\/strong><\/p>\n","protected":false},"excerpt":{"rendered":"<p>INSCRIPCIONES PARA FORMACI\u00d3N ART\u00cdSTICA VOCACIONAL (NI\u00d1OS, J\u00d3VENES Y ADULTOS) \u00a0\u00a0\u00a0hasta el 19\/12 &nbsp; INSCRIPCIONES PARA NIVEL SUPERIOR: PROFESORADO DE ARTES VISUALES, M\u00daSICA, TEATRO Y LOCUTOR INTEGRAL DE RADIO Y TV: HASTA EL 16\/12 Se completa presentando personalmente la documentaci\u00f3n requerida entre el 26\/2 y el 6\/03 de 2020 en Bedel\u00eda del 2do piso. TRAYECTOS INTRODUCTORIOS &#8230; <a title=\"Estudiantes Ingresantes 2020\" class=\"read-more\" href=\"https:\/\/isfd805-chu.infd.edu.ar\/sitio\/estudiantes-ingresantes-2020\/\" aria-label=\"More on Estudiantes Ingresantes 2020\">[+]<\/a><\/p>\n","protected":false},"author":1018,"featured_media":0,"parent":0,"menu_order":0,"comment_status":"closed","ping_status":"closed","template":"","meta":[],"acf":[],"_links":{"self":[{"href":"https:\/\/isfd805-chu.infd.edu.ar\/sitio\/wp-json\/wp\/v2\/pages\/1945"}],"collection":[{"href":"https:\/\/isfd805-chu.infd.edu.ar\/sitio\/wp-json\/wp\/v2\/pages"}],"about":[{"href":"https:\/\/isfd805-chu.infd.edu.ar\/sitio\/wp-json\/wp\/v2\/types\/page"}],"author":[{"embeddable":true,"href":"https:\/\/isfd805-chu.infd.edu.ar\/sitio\/wp-json\/wp\/v2\/users\/1018"}],"replies":[{"embeddable":true,"href":"https:\/\/isfd805-chu.infd.edu.ar\/sitio\/wp-json\/wp\/v2\/comments?post=1945"}],"version-history":[{"count":4,"href":"https:\/\/isfd805-chu.infd.edu.ar\/sitio\/wp-json\/wp\/v2\/pages\/1945\/revisions"}],"predecessor-version":[{"id":2420,"href":"https:\/\/isfd805-chu.infd.edu.ar\/sitio\/wp-json\/wp\/v2\/pages\/1945\/revisions\/2420"}],"wp:attachment":[{"href":"https:\/\/isfd805-chu.infd.edu.ar\/sitio\/wp-json\/wp\/v2\/media?parent=1945"}],"curies":[{"name":"wp","href":"https:\/\/api.w.org\/{rel}","templated":true}]}}