{"id":1894,"date":"2018-08-30T17:57:14","date_gmt":"2018-08-30T20:57:14","guid":{"rendered":"https:\/\/isfd805-chu.infd.edu.ar\/sitio\/instructivo-para-presentacion-de-proyectos-isfda-n-805-2016\/"},"modified":"2019-02-22T21:33:03","modified_gmt":"2019-02-23T00:33:03","slug":"instructivo-para-presentacion-de-proyectos-isfda-n-805-2016","status":"publish","type":"page","link":"https:\/\/isfd805-chu.infd.edu.ar\/sitio\/instructivo-para-presentacion-de-proyectos-isfda-n-805-2016\/","title":{"rendered":"Instructivo para presentaci\u00f3n de proyectos ISFDA N\u00b0 805 &#8211; 2019"},"content":{"rendered":"<p style=\"text-align: justify;\"><span style=\"font-size: 14pt;\">Se actualiz\u00f3 el <strong>instructivo para presentaci\u00f3n de proyectos 2019,<\/strong> dejando sin efecto las anteriores pautas para presentaci\u00f3n de proyectos.<\/span><\/p>\n<p style=\"text-align: justify;\"><span style=\"font-size: 14pt;\">Para acceder al instructivo 2019 <a href=\"https:\/\/isfd805-chu.infd.edu.ar\/sitio\/wp-content\/uploads\/2019\/02\/Instructivo-Institucional-para-la-presentaci\u00f3n-y-an\u00e1lisis-de-propuestas-de-trabajo-2019.pdf\">pulse aqu\u00ed<\/a>.\u00a0<\/span><\/p>\n<p style=\"text-align: justify;\"><span style=\"font-size: 14pt;\">\u00a0<\/span><\/p>\n","protected":false},"excerpt":{"rendered":"<p>Se actualiz\u00f3 el instructivo para presentaci\u00f3n de proyectos 2019, dejando sin efecto las anteriores pautas para presentaci\u00f3n de proyectos. Para acceder al instructivo 2019 pulse aqu\u00ed.\u00a0 \u00a0<\/p>\n","protected":false},"author":985,"featured_media":0,"parent":0,"menu_order":0,"comment_status":"closed","ping_status":"closed","template":"","meta":[],"acf":[],"_links":{"self":[{"href":"https:\/\/isfd805-chu.infd.edu.ar\/sitio\/wp-json\/wp\/v2\/pages\/1894"}],"collection":[{"href":"https:\/\/isfd805-chu.infd.edu.ar\/sitio\/wp-json\/wp\/v2\/pages"}],"about":[{"href":"https:\/\/isfd805-chu.infd.edu.ar\/sitio\/wp-json\/wp\/v2\/types\/page"}],"author":[{"embeddable":true,"href":"https:\/\/isfd805-chu.infd.edu.ar\/sitio\/wp-json\/wp\/v2\/users\/985"}],"replies":[{"embeddable":true,"href":"https:\/\/isfd805-chu.infd.edu.ar\/sitio\/wp-json\/wp\/v2\/comments?post=1894"}],"version-history":[{"count":4,"href":"https:\/\/isfd805-chu.infd.edu.ar\/sitio\/wp-json\/wp\/v2\/pages\/1894\/revisions"}],"predecessor-version":[{"id":2066,"href":"https:\/\/isfd805-chu.infd.edu.ar\/sitio\/wp-json\/wp\/v2\/pages\/1894\/revisions\/2066"}],"wp:attachment":[{"href":"https:\/\/isfd805-chu.infd.edu.ar\/sitio\/wp-json\/wp\/v2\/media?parent=1894"}],"curies":[{"name":"wp","href":"https:\/\/api.w.org\/{rel}","templated":true}]}}