{"id":1882,"date":"2018-08-30T17:57:09","date_gmt":"2018-08-30T20:57:09","guid":{"rendered":"https:\/\/isfd805-chu.infd.edu.ar\/sitio\/servicios\/"},"modified":"2019-05-02T20:36:50","modified_gmt":"2019-05-02T23:36:50","slug":"servicios","status":"publish","type":"page","link":"https:\/\/isfd805-chu.infd.edu.ar\/sitio\/servicios\/","title":{"rendered":"Servicios"},"content":{"rendered":"<p style=\"text-align: justify;\"><span style=\"font-family: tahoma,arial,helvetica,sans-serif; font-size: 10pt;\">El personal de la Biblioteca est\u00e1 a disposici\u00f3n de los usuarios para facilitar el uso de la colecci\u00f3n. Todos los servicios de la biblioteca son gratuitos.<\/span><\/p>\n<p><img decoding=\"async\" loading=\"lazy\" class=\"alignnone size-thumbnail wp-image-2288\" src=\"https:\/\/isfd805-chu.infd.edu.ar\/sitio\/wp-content\/uploads\/2019\/05\/folleto-biblio-para-web-2019-500x500.jpg\" alt=\"\" width=\"500\" height=\"500\" \/><\/p>\n<ul>\n<li><strong><span style=\"font-family: tahoma,arial,helvetica,sans-serif; font-size: 10pt;\">Lectura y consulta en sala<\/span><\/strong><\/li>\n<\/ul>\n<p style=\"text-align: justify;\"><span style=\"font-family: tahoma,arial,helvetica,sans-serif; font-size: 10pt;\">Todos los libros, revistas y peri\u00f3dicos pueden ser le\u00eddos y consultados libremente en la sala.\u00a0<\/span><\/p>\n<ul>\n<li><strong><span style=\"font-family: tahoma,arial,helvetica,sans-serif; font-size: 10pt;\">Pr\u00e9stamos<\/span><\/strong><\/li>\n<\/ul>\n<p style=\"text-align: justify;\"><span style=\"font-family: tahoma,arial,helvetica,sans-serif; font-size: 10pt;\">&#8211; Este servicio permite a los usuarios tomar a modo de pr\u00e9stamo varios documentos (libros, revistas, discos, videos y documentos electr\u00f3nicos) y utilizarlos fuera de la biblioteca durante un per\u00edodo determinado. La mayor parte del fondo bibliogr\u00e1fico es objeto de pr\u00e9stamo, para acceder a este servicio se requiere ser socio.<\/span><\/p>\n<p style=\"text-align: justify;\"><span style=\"font-family: tahoma,arial,helvetica,sans-serif; font-size: 10pt;\">&#8211; No se retirar\u00e1 material fuera del horario de atenci\u00f3n. En caso de que se necesitara\u00a0 los d\u00edas s\u00e1bados, se prever\u00e1 de antemano el retiro del mismo con la bibliotecaria.<\/span><\/p>\n<p style=\"text-align: justify;\"><span style=\"font-family: tahoma,arial,helvetica,sans-serif; font-size: 10pt;\">&#8211; El material que se devuelva fuera de este horario tambi\u00e9n debe ser pautado en el momento en que se retir\u00f3. La bibliotecaria le comunicar\u00e1 a qui\u00e9n debe entregarse.<\/span><\/p>\n<p><span style=\"font-family: tahoma,arial,helvetica,sans-serif; font-size: 10pt;\">&#8211; El usuario se responsabilizar\u00e1 por la p\u00e9rdida o deterioro del material.<\/span><\/p>\n<p><span style=\"font-family: tahoma,arial,helvetica,sans-serif; font-size: 10pt;\">&#8211; Se puede realizar reserva de documentos.<\/span><\/p>\n<p><span style=\"font-family: tahoma,arial,helvetica,sans-serif; font-size: 10pt;\">&#8211; Tambi\u00e9n podr\u00e1n realizarse pr\u00e9stamos colectivos a grupos. Las condiciones del pr\u00e9stamo en cuanto a tipo y n\u00famero de materiales, as\u00ed como la duraci\u00f3n del mismo, se determinar\u00e1n en cada caso. Una de las personas deber\u00e1 hacerse responsable del uso y devoluci\u00f3n de los elementos prestados.<\/span><\/p>\n<p style=\"text-align: justify;\"><span style=\"font-family: tahoma,arial,helvetica,sans-serif; font-size: 10pt;\">&#8211; Tendr\u00e1n car\u00e1cter de usuario con derecho a pr\u00e9stamo domiciliario, los alumnos regulares, profesores, personal no docente de la instituci\u00f3n con carnet de socio y podr\u00e1n consultar en sala (dentro de la instituci\u00f3n) toda persona que lo solicite. Para poder hacer uso efectivo de los materiales deber\u00e1n inscribirse en un registro de pr\u00e9stamo \u00a0todos los antes nombrados.<\/span><\/p>\n","protected":false},"excerpt":{"rendered":"<p>El personal de la Biblioteca est\u00e1 a disposici\u00f3n de los usuarios para facilitar el uso de la colecci\u00f3n. Todos los servicios de la biblioteca son gratuitos. Lectura y consulta en sala Todos los libros, revistas y peri\u00f3dicos pueden ser le\u00eddos y consultados libremente en la sala.\u00a0 Pr\u00e9stamos &#8211; Este servicio permite a los usuarios tomar &#8230; <a title=\"Servicios\" class=\"read-more\" href=\"https:\/\/isfd805-chu.infd.edu.ar\/sitio\/servicios\/\" aria-label=\"More on Servicios\">[+]<\/a><\/p>\n","protected":false},"author":985,"featured_media":0,"parent":0,"menu_order":0,"comment_status":"closed","ping_status":"closed","template":"","meta":[],"acf":[],"_links":{"self":[{"href":"https:\/\/isfd805-chu.infd.edu.ar\/sitio\/wp-json\/wp\/v2\/pages\/1882"}],"collection":[{"href":"https:\/\/isfd805-chu.infd.edu.ar\/sitio\/wp-json\/wp\/v2\/pages"}],"about":[{"href":"https:\/\/isfd805-chu.infd.edu.ar\/sitio\/wp-json\/wp\/v2\/types\/page"}],"author":[{"embeddable":true,"href":"https:\/\/isfd805-chu.infd.edu.ar\/sitio\/wp-json\/wp\/v2\/users\/985"}],"replies":[{"embeddable":true,"href":"https:\/\/isfd805-chu.infd.edu.ar\/sitio\/wp-json\/wp\/v2\/comments?post=1882"}],"version-history":[{"count":2,"href":"https:\/\/isfd805-chu.infd.edu.ar\/sitio\/wp-json\/wp\/v2\/pages\/1882\/revisions"}],"predecessor-version":[{"id":4871,"href":"https:\/\/isfd805-chu.infd.edu.ar\/sitio\/wp-json\/wp\/v2\/pages\/1882\/revisions\/4871"}],"wp:attachment":[{"href":"https:\/\/isfd805-chu.infd.edu.ar\/sitio\/wp-json\/wp\/v2\/media?parent=1882"}],"curies":[{"name":"wp","href":"https:\/\/api.w.org\/{rel}","templated":true}]}}