{"id":1832,"date":"2018-08-30T17:56:50","date_gmt":"2018-08-30T20:56:50","guid":{"rendered":"https:\/\/isfd805-chu.infd.edu.ar\/sitio\/biblioteca-2\/"},"modified":"2024-02-23T19:01:05","modified_gmt":"2024-02-23T22:01:05","slug":"biblioteca-2","status":"publish","type":"page","link":"https:\/\/isfd805-chu.infd.edu.ar\/sitio\/biblioteca-2\/","title":{"rendered":"Biblioteca"},"content":{"rendered":"<div style=\"text-align: center;\">\n<p><span style=\"font-family: book antiqua,palatino;\"><em><strong><span style=\"font-size: 18pt;\">\u201cLos rumores de la plaza quedan atr\u00e1s y entro en la Biblioteca. De una manera casi f\u00edsica siento la gravitaci\u00f3n de los libros, el \u00e1mbito sereno de un orden, el tiempo disecado y conservado m\u00e1gicamente\u201d<\/span><\/strong><\/em><\/span><\/p>\n<div style=\"text-align: right;\"><span style=\"font-family: book antiqua,palatino;\"><em><strong><span style=\"font-size: 18pt;\">Jorge Luis Borges<\/span><\/strong><\/em><\/span><\/div>\n<p><img decoding=\"async\" loading=\"lazy\" class=\"wp-image-4867 aligncenter\" src=\"https:\/\/isfd805-chu.infd.edu.ar\/sitio\/wp-content\/uploads\/2024\/02\/biblio_805_cir-1000x667.png\" alt=\"\" width=\"1073\" height=\"716\" srcset=\"https:\/\/isfd805-chu.infd.edu.ar\/sitio\/wp-content\/uploads\/2024\/02\/biblio_805_cir-1000x667.png 1000w, https:\/\/isfd805-chu.infd.edu.ar\/sitio\/wp-content\/uploads\/2024\/02\/biblio_805_cir-1900x1266.png 1900w, https:\/\/isfd805-chu.infd.edu.ar\/sitio\/wp-content\/uploads\/2024\/02\/biblio_805_cir-768x512.png 768w, https:\/\/isfd805-chu.infd.edu.ar\/sitio\/wp-content\/uploads\/2024\/02\/biblio_805_cir-1536x1024.png 1536w, https:\/\/isfd805-chu.infd.edu.ar\/sitio\/wp-content\/uploads\/2024\/02\/biblio_805_cir.png 2000w\" sizes=\"(max-width: 1073px) 100vw, 1073px\" \/><\/p>\n<p style=\"text-align: left;\">\n<\/div>\n","protected":false},"excerpt":{"rendered":"<p>\u201cLos rumores de la plaza quedan atr\u00e1s y entro en la Biblioteca. De una manera casi f\u00edsica siento la gravitaci\u00f3n de los libros, el \u00e1mbito sereno de un orden, el tiempo disecado y conservado m\u00e1gicamente\u201d Jorge Luis Borges<\/p>\n","protected":false},"author":985,"featured_media":0,"parent":0,"menu_order":0,"comment_status":"closed","ping_status":"closed","template":"","meta":[],"acf":[],"_links":{"self":[{"href":"https:\/\/isfd805-chu.infd.edu.ar\/sitio\/wp-json\/wp\/v2\/pages\/1832"}],"collection":[{"href":"https:\/\/isfd805-chu.infd.edu.ar\/sitio\/wp-json\/wp\/v2\/pages"}],"about":[{"href":"https:\/\/isfd805-chu.infd.edu.ar\/sitio\/wp-json\/wp\/v2\/types\/page"}],"author":[{"embeddable":true,"href":"https:\/\/isfd805-chu.infd.edu.ar\/sitio\/wp-json\/wp\/v2\/users\/985"}],"replies":[{"embeddable":true,"href":"https:\/\/isfd805-chu.infd.edu.ar\/sitio\/wp-json\/wp\/v2\/comments?post=1832"}],"version-history":[{"count":2,"href":"https:\/\/isfd805-chu.infd.edu.ar\/sitio\/wp-json\/wp\/v2\/pages\/1832\/revisions"}],"predecessor-version":[{"id":4868,"href":"https:\/\/isfd805-chu.infd.edu.ar\/sitio\/wp-json\/wp\/v2\/pages\/1832\/revisions\/4868"}],"wp:attachment":[{"href":"https:\/\/isfd805-chu.infd.edu.ar\/sitio\/wp-json\/wp\/v2\/media?parent=1832"}],"curies":[{"name":"wp","href":"https:\/\/api.w.org\/{rel}","templated":true}]}}